{"id":637,"date":"2023-07-27T18:03:17","date_gmt":"2023-07-27T16:03:17","guid":{"rendered":"https:\/\/bastienfortin.com\/?page_id=637"},"modified":"2023-07-27T19:01:28","modified_gmt":"2023-07-27T17:01:28","slug":"principaux-projets","status":"publish","type":"page","link":"https:\/\/bastienfortin.com\/?page_id=637","title":{"rendered":"Principaux projets"},"content":{"rendered":"\t\t<div data-elementor-type=\"wp-page\" data-elementor-id=\"637\" class=\"elementor elementor-637\">\n\t\t\t\t\t\t\t<div class=\"elementor-element elementor-element-352f6d2 e-flex e-con-boxed e-con\" data-id=\"352f6d2\" data-element_type=\"container\" data-settings=\"{&quot;content_width&quot;:&quot;boxed&quot;}\">\n\t\t\t\t\t<div class=\"e-con-inner\">\n\t\t\t\t<div class=\"elementor-element elementor-element-bdca7bd elementor-widget-divider--separator-type-pattern elementor-widget-divider--view-line elementor-widget elementor-widget-divider\" data-id=\"bdca7bd\" data-element_type=\"widget\" data-widget_type=\"divider.default\">\n\t\t\t\t<div class=\"elementor-widget-container\">\n\t\t\t<style>\/*! elementor - v3.14.0 - 26-06-2023 *\/\n.elementor-widget-divider{--divider-border-style:none;--divider-border-width:1px;--divider-color:#0c0d0e;--divider-icon-size:20px;--divider-element-spacing:10px;--divider-pattern-height:24px;--divider-pattern-size:20px;--divider-pattern-url:none;--divider-pattern-repeat:repeat-x}.elementor-widget-divider .elementor-divider{display:flex}.elementor-widget-divider .elementor-divider__text{font-size:15px;line-height:1;max-width:95%}.elementor-widget-divider .elementor-divider__element{margin:0 var(--divider-element-spacing);flex-shrink:0}.elementor-widget-divider .elementor-icon{font-size:var(--divider-icon-size)}.elementor-widget-divider .elementor-divider-separator{display:flex;margin:0;direction:ltr}.elementor-widget-divider--view-line_icon .elementor-divider-separator,.elementor-widget-divider--view-line_text .elementor-divider-separator{align-items:center}.elementor-widget-divider--view-line_icon .elementor-divider-separator:after,.elementor-widget-divider--view-line_icon .elementor-divider-separator:before,.elementor-widget-divider--view-line_text .elementor-divider-separator:after,.elementor-widget-divider--view-line_text .elementor-divider-separator:before{display:block;content:\"\";border-bottom:0;flex-grow:1;border-top:var(--divider-border-width) var(--divider-border-style) var(--divider-color)}.elementor-widget-divider--element-align-left .elementor-divider .elementor-divider-separator>.elementor-divider__svg:first-of-type{flex-grow:0;flex-shrink:100}.elementor-widget-divider--element-align-left .elementor-divider-separator:before{content:none}.elementor-widget-divider--element-align-left .elementor-divider__element{margin-left:0}.elementor-widget-divider--element-align-right .elementor-divider .elementor-divider-separator>.elementor-divider__svg:last-of-type{flex-grow:0;flex-shrink:100}.elementor-widget-divider--element-align-right .elementor-divider-separator:after{content:none}.elementor-widget-divider--element-align-right .elementor-divider__element{margin-right:0}.elementor-widget-divider:not(.elementor-widget-divider--view-line_text):not(.elementor-widget-divider--view-line_icon) .elementor-divider-separator{border-top:var(--divider-border-width) var(--divider-border-style) var(--divider-color)}.elementor-widget-divider--separator-type-pattern{--divider-border-style:none}.elementor-widget-divider--separator-type-pattern.elementor-widget-divider--view-line .elementor-divider-separator,.elementor-widget-divider--separator-type-pattern:not(.elementor-widget-divider--view-line) .elementor-divider-separator:after,.elementor-widget-divider--separator-type-pattern:not(.elementor-widget-divider--view-line) .elementor-divider-separator:before,.elementor-widget-divider--separator-type-pattern:not([class*=elementor-widget-divider--view]) .elementor-divider-separator{width:100%;min-height:var(--divider-pattern-height);-webkit-mask-size:var(--divider-pattern-size) 100%;mask-size:var(--divider-pattern-size) 100%;-webkit-mask-repeat:var(--divider-pattern-repeat);mask-repeat:var(--divider-pattern-repeat);background-color:var(--divider-color);-webkit-mask-image:var(--divider-pattern-url);mask-image:var(--divider-pattern-url)}.elementor-widget-divider--no-spacing{--divider-pattern-size:auto}.elementor-widget-divider--bg-round{--divider-pattern-repeat:round}.rtl .elementor-widget-divider .elementor-divider__text{direction:rtl}.e-con-inner>.elementor-widget-divider,.e-con>.elementor-widget-divider{width:var(--container-widget-width,100%);--flex-grow:var(--container-widget-flex-grow)}<\/style>\t\t<div class=\"elementor-divider\" style=\"--divider-pattern-url: url(&quot;data:image\/svg+xml,%3Csvg xmlns=&#039;http:\/\/www.w3.org\/2000\/svg&#039; preserveAspectRatio=&#039;none&#039; overflow=&#039;visible&#039; height=&#039;100%&#039; viewBox=&#039;0 0 24 24&#039; fill=&#039;black&#039; stroke=&#039;none&#039;%3E%3Cpath d=&#039;M12.7,2.3c-0.4-0.4-1.1-0.4-1.5,0l-8,9.1c-0.3,0.4-0.3,0.9,0,1.2l8,9.1c0.4,0.4,1.1,0.4,1.5,0l8-9.1c0.3-0.4,0.3-0.9,0-1.2L12.7,2.3z&#039;\/%3E%3C\/svg%3E&quot;);\">\n\t\t\t<span class=\"elementor-divider-separator\">\n\t\t\t\t\t\t<\/span>\n\t\t<\/div>\n\t\t\t\t<\/div>\n\t\t\t\t<\/div>\n\t\t\t\t\t<\/div>\n\t\t\t\t<\/div>\n\t\t\t\t<section class=\"elementor-section elementor-top-section elementor-element elementor-element-39912cb elementor-section-full_width elementor-section-height-default elementor-section-height-default\" data-id=\"39912cb\" data-element_type=\"section\">\n\t\t\t\t\t\t<div class=\"elementor-container elementor-column-gap-default\">\n\t\t\t\t\t<div class=\"elementor-column elementor-col-100 elementor-top-column elementor-element elementor-element-0bf62c8\" data-id=\"0bf62c8\" data-element_type=\"column\">\n\t\t\t<div class=\"elementor-widget-wrap elementor-element-populated\">\n\t\t\t\t\t\t\t\t<div class=\"elementor-element elementor-element-6f12f0b elementor-widget elementor-widget-frel-about\" data-id=\"6f12f0b\" data-element_type=\"widget\" data-widget_type=\"frel-about.default\">\n\t\t\t\t<div class=\"elementor-widget-container\">\n\t\t\t<div class=\"cons_w_wrapper\"><div class=\"fn_cs_about\"><div class=\"fn-container\">\r\n\t\t\t\t\t<div class=\"about_inner\">\r\n\t\t\t\t\t\t<div class=\"about_left\">\r\n\t\t\t\t\t\t\t<img decoding=\"async\" class=\"thumbnail\" src=\"http:\/\/bastienfortin.com\/wp-content\/uploads\/2023\/07\/290011974_1447103162416796_4048927657678493886_n.jpg\" alt=\"\" \/>\r\n\t\t\t\t\t\t<\/div>\r\n\t\t\t\t\t\t<div class=\"about_right\">\r\n\t\t\t\t\t\t\t<div class=\"title_holder\">\r\n\t\t\t\t\t\t\t\t<h3 class=\"simple_title\">FLAMENCO TRADITIONNEL<span class=\"bg_title\"><\/span><\/h3>\r\n\t\t\t\t\t\t\t\t<span class=\"sub_title\">guitare soliste ou accompagnement de danseurs <\/span>\r\n\t\t\t\t\t\t\t<\/div>\r\n\t\t\t\t\t\t\t<div class=\"desc\"><p>Le flamenco est un genre musical et une danse datant du XVIIIe si\u00e8cle, cr\u00e9\u00e9 par le peuple andalou sur la base d'un folklore populaire issu de diverses cultures: gitane principalement mais aussi s\u00e9pharade ou arabe. Ce genre regroupe plusieurs styles, les \"palos\", ayant des structures rythmiques et harmoniques vari\u00e9es, tels que le Tango, la Buler\u00eda, la Sole\u00e1...<\/p><p>La diversit\u00e9 des palos, la technicit\u00e9 et la finesse que requiert le flamenco sont ainsi propice \u00e0 des concerts de guitare en soliste.<\/p><\/div><div class=\"waxon_fn_button\" data-position=\"left\">\r\n\t\t\t\t\t\t<a href=\"https:\/\/www.facebook.com\/Flamenbast\/\" download>Guitare soliste<\/a>\r\n\t\t\t\t\t<\/div><\/div>\r\n\t\t\t\t\t<\/div>\r\n\t\t\t\t<\/div><\/div><\/div>\t\t<\/div>\n\t\t\t\t<\/div>\n\t\t\t\t\t<\/div>\n\t\t<\/div>\n\t\t\t\t\t\t\t<\/div>\n\t\t<\/section>\n\t\t\t\t<section class=\"elementor-section elementor-top-section elementor-element elementor-element-e7a5900 elementor-section-full_width elementor-section-height-default elementor-section-height-default\" data-id=\"e7a5900\" data-element_type=\"section\" data-settings=\"{&quot;background_background&quot;:&quot;classic&quot;}\">\n\t\t\t\t\t\t<div class=\"elementor-container elementor-column-gap-default\">\n\t\t\t\t\t<div class=\"elementor-column elementor-col-100 elementor-top-column elementor-element elementor-element-45ecc56\" data-id=\"45ecc56\" data-element_type=\"column\">\n\t\t\t<div class=\"elementor-widget-wrap elementor-element-populated\">\n\t\t\t\t\t\t\t\t<div class=\"elementor-element elementor-element-5dd494c elementor-widget elementor-widget-frel-about\" data-id=\"5dd494c\" data-element_type=\"widget\" data-widget_type=\"frel-about.default\">\n\t\t\t\t<div class=\"elementor-widget-container\">\n\t\t\t<div class=\"cons_w_wrapper\"><div class=\"fn_cs_about\"><div class=\"fn-container\">\r\n\t\t\t\t\t<div class=\"about_inner\">\r\n\t\t\t\t\t\t<div class=\"about_left\">\r\n\t\t\t\t\t\t\t<img decoding=\"async\" class=\"thumbnail\" src=\"http:\/\/bastienfortin.com\/wp-content\/uploads\/2023\/07\/solea-soul-1-scaled.jpg\" alt=\"\" \/>\r\n\t\t\t\t\t\t<\/div>\r\n\t\t\t\t\t\t<div class=\"about_right\">\r\n\t\t\t\t\t\t\t<div class=\"title_holder\">\r\n\t\t\t\t\t\t\t\t<h3 class=\"simple_title\">SOLEA SOUL<span class=\"bg_title\"><\/span><\/h3>\r\n\t\t\t\t\t\t\t\t<span class=\"sub_title\">Duo ou Trio de musique andalouse, s\u00e9pharades et Flamenca<\/span>\r\n\t\t\t\t\t\t\t<\/div>\r\n\t\t\t\t\t\t\t<div class=\"desc\"><p>SOLEA SOUL est un duo form\u00e9 par le guitariste Bastien Fortin et la chanteuse Hanna Zarka qui m\u00eale deux r\u00e9pertoires traditionnels d'Andalousie : la musique jud\u00e9o-espagnole (dit s\u00e9pharade) et le flamenco.<\/p><p><br \/>Les chants s\u00e9pharades sont originaires des communaut\u00e9s juives qui vivaient sous l'Espagne d'Al Andaluz jusqu'au XVe si\u00e8cle. Compos\u00e9 de romances (ballades m\u00e9di\u00e9vales), de cantigas (chants de la vie quotidienne) et de coplas (chants liturgiques), ce r\u00e9pertoire est empreint d'un m\u00e9tissage culturel et musical entre l'Europe chr\u00e9tienne et les pays de culture islamique o\u00f9 les juifs se r\u00e9fugi\u00e8rent apr\u00e8s leur expulsion d'Espagne .<br \/><br \/>SOLEA SOUL propose ainsi un v\u00e9ritable voyage musical, intimiste, chaleureux et fort en nuances, pour rendre hommage \u00e0 l'histoire crois\u00e9e de ces deux r\u00e9pertoires.<\/p><\/div><div class=\"waxon_fn_button\" data-position=\"left\">\r\n\t\t\t\t\t\t<a href=\"https:\/\/www.youtube.com\/watch?v=GAoAhruoTik\" download>Ecouter SOLEA SOUL sur Youtube<\/a>\r\n\t\t\t\t\t<\/div><\/div>\r\n\t\t\t\t\t<\/div>\r\n\t\t\t\t<\/div><\/div><\/div>\t\t<\/div>\n\t\t\t\t<\/div>\n\t\t\t\t\t<\/div>\n\t\t<\/div>\n\t\t\t\t\t\t\t<\/div>\n\t\t<\/section>\n\t\t\t\t<section class=\"elementor-section elementor-top-section elementor-element elementor-element-a351db6 elementor-section-full_width elementor-section-height-default elementor-section-height-default\" data-id=\"a351db6\" data-element_type=\"section\">\n\t\t\t\t\t\t<div class=\"elementor-container elementor-column-gap-default\">\n\t\t\t\t\t<div class=\"elementor-column elementor-col-100 elementor-top-column elementor-element elementor-element-3c883eb\" data-id=\"3c883eb\" data-element_type=\"column\">\n\t\t\t<div class=\"elementor-widget-wrap elementor-element-populated\">\n\t\t\t\t\t\t\t\t<div class=\"elementor-element elementor-element-8efbd80 elementor-widget elementor-widget-frel-about\" data-id=\"8efbd80\" data-element_type=\"widget\" data-widget_type=\"frel-about.default\">\n\t\t\t\t<div class=\"elementor-widget-container\">\n\t\t\t<div class=\"cons_w_wrapper\"><div class=\"fn_cs_about\"><div class=\"fn-container\">\r\n\t\t\t\t\t<div class=\"about_inner\">\r\n\t\t\t\t\t\t<div class=\"about_left\">\r\n\t\t\t\t\t\t\t<img decoding=\"async\" class=\"thumbnail\" src=\"http:\/\/bastienfortin.com\/wp-content\/uploads\/2023\/07\/cineconcert.jpg\" alt=\"\" \/>\r\n\t\t\t\t\t\t<\/div>\r\n\t\t\t\t\t\t<div class=\"about_right\">\r\n\t\t\t\t\t\t\t<div class=\"title_holder\">\r\n\t\t\t\t\t\t\t\t<h3 class=\"simple_title\">CINE CONCERT ATOM<span class=\"bg_title\"><\/span><\/h3>\r\n\t\t\t\t\t\t\t\t<span class=\"sub_title\">Cin\u00e9-concert spectaculaire \u00e0 6 musiciens <\/span>\r\n\t\t\t\t\t\t\t<\/div>\r\n\t\t\t\t\t\t\t<div class=\"desc\"><p>A la fois magistral et tout public, le spectacle ATOM allie la magie d\u2019un <br \/>concert live \u00e0 la beaut\u00e9 \u00e9poustouf lante d\u2019images film\u00e9es dans notre <br \/>r\u00e9gion et \u00e0 travers le monde. Les prises de vue spectaculaires, film\u00e9es en <br \/>drone pour la plupart, sont ainsi sublim\u00e9es par une musique orig inale et <br \/>\u00e9volutive, allant du jazz \u00e0 l\u2019\u00e9lectro en passant par le rock progressif, de la <br \/>guitare flamenca \u00e0 des instruments peu connus, tels que le hand pan et le <br \/>violon mongol.<br \/>Ce voyage visuel et sonore propose ainsi une narration sans parole, qui rend <br \/>hommage \u00e0 la beaut\u00e9 essentielle de la nature et \u00e0 la diversit\u00e9 culturelle, tout <br \/>en nous invitant \u00e0 revenir \u00e0 un mode de vie plus humaniste et \u00e9cologique<\/p><\/div><div class=\"waxon_fn_button\" data-position=\"left\">\r\n\t\t\t\t\t\t<a href=\"https:\/\/www.youtube.com\/watch?v=y2NJBc0mq-c\" download>Voir le teaser de ATOM<\/a>\r\n\t\t\t\t\t<\/div><\/div>\r\n\t\t\t\t\t<\/div>\r\n\t\t\t\t<\/div><\/div><\/div>\t\t<\/div>\n\t\t\t\t<\/div>\n\t\t\t\t\t<\/div>\n\t\t<\/div>\n\t\t\t\t\t\t\t<\/div>\n\t\t<\/section>\n\t\t\t\t<section class=\"elementor-section elementor-top-section elementor-element elementor-element-9d5b040 elementor-section-full_width elementor-section-height-default elementor-section-height-default\" data-id=\"9d5b040\" data-element_type=\"section\" data-settings=\"{&quot;background_background&quot;:&quot;classic&quot;}\">\n\t\t\t\t\t\t<div class=\"elementor-container elementor-column-gap-default\">\n\t\t\t\t\t<div class=\"elementor-column elementor-col-100 elementor-top-column elementor-element elementor-element-879fdf0\" data-id=\"879fdf0\" data-element_type=\"column\">\n\t\t\t<div class=\"elementor-widget-wrap elementor-element-populated\">\n\t\t\t\t\t\t\t\t<div class=\"elementor-element elementor-element-eb1c990 elementor-widget elementor-widget-frel-about\" data-id=\"eb1c990\" data-element_type=\"widget\" data-widget_type=\"frel-about.default\">\n\t\t\t\t<div class=\"elementor-widget-container\">\n\t\t\t<div class=\"cons_w_wrapper\"><div class=\"fn_cs_about\"><div class=\"fn-container\">\r\n\t\t\t\t\t<div class=\"about_inner\">\r\n\t\t\t\t\t\t<div class=\"about_left\">\r\n\t\t\t\t\t\t\t<img decoding=\"async\" class=\"thumbnail\" src=\"http:\/\/bastienfortin.com\/wp-content\/uploads\/2023\/07\/sirocco-scaled.jpg\" alt=\"\" \/>\r\n\t\t\t\t\t\t<\/div>\r\n\t\t\t\t\t\t<div class=\"about_right\">\r\n\t\t\t\t\t\t\t<div class=\"title_holder\">\r\n\t\t\t\t\t\t\t\t<h3 class=\"simple_title\">DUO SIROCCO<span class=\"bg_title\"><\/span><\/h3>\r\n\t\t\t\t\t\t\t\t<span class=\"sub_title\">Duo saxophone - guitare de Flamenco fusion<\/span>\r\n\t\t\t\t\t\t\t<\/div>\r\n\t\t\t\t\t\t\t<div class=\"desc\"><p>Le duo Sirocco est compos\u00e9 de deux musiciens, Maxime Laurens au saxophone et Bastien Fortin \u00e0 la guitare.<\/p><p>\u00a0<\/p><p>Dans un style original, sensible et enjou\u00e9, ils reprennent des chansons et morceaux de tout style (classique, musique de film et jeux vid\u00e9o, pop...) avec des arrangements flamenco.<\/p><\/div><div class=\"waxon_fn_button\" data-position=\"left\">\r\n\t\t\t\t\t\t<a href=\"https:\/\/soundcloud.com\/duo-sirocco\" download>Ecouter le duo SIROCCO sur soundcloud<\/a>\r\n\t\t\t\t\t<\/div><\/div>\r\n\t\t\t\t\t<\/div>\r\n\t\t\t\t<\/div><\/div><\/div>\t\t<\/div>\n\t\t\t\t<\/div>\n\t\t\t\t\t<\/div>\n\t\t<\/div>\n\t\t\t\t\t\t\t<\/div>\n\t\t<\/section>\n\t\t\t\t<section class=\"elementor-section elementor-top-section elementor-element elementor-element-207b228 elementor-section-full_width elementor-section-height-default elementor-section-height-default\" data-id=\"207b228\" data-element_type=\"section\">\n\t\t\t\t\t\t<div class=\"elementor-container elementor-column-gap-default\">\n\t\t\t\t\t<div class=\"elementor-column elementor-col-100 elementor-top-column elementor-element elementor-element-39799ef\" data-id=\"39799ef\" data-element_type=\"column\">\n\t\t\t<div class=\"elementor-widget-wrap elementor-element-populated\">\n\t\t\t\t\t\t\t\t<div class=\"elementor-element elementor-element-52f0713 elementor-widget elementor-widget-frel-about\" data-id=\"52f0713\" data-element_type=\"widget\" data-widget_type=\"frel-about.default\">\n\t\t\t\t<div class=\"elementor-widget-container\">\n\t\t\t<div class=\"cons_w_wrapper\"><div class=\"fn_cs_about\"><div class=\"fn-container\">\r\n\t\t\t\t\t<div class=\"about_inner\">\r\n\t\t\t\t\t\t<div class=\"about_left\">\r\n\t\t\t\t\t\t\t<img decoding=\"async\" class=\"thumbnail\" src=\"http:\/\/bastienfortin.com\/wp-content\/uploads\/2023\/07\/chile-verde.jpg\" alt=\"\" \/>\r\n\t\t\t\t\t\t<\/div>\r\n\t\t\t\t\t\t<div class=\"about_right\">\r\n\t\t\t\t\t\t\t<div class=\"title_holder\">\r\n\t\t\t\t\t\t\t\t<h3 class=\"simple_title\">CHILE VERDE <span class=\"bg_title\"><\/span><\/h3>\r\n\t\t\t\t\t\t\t\t<span class=\"sub_title\">Musiques latines festives <\/span>\r\n\t\t\t\t\t\t\t<\/div>\r\n\t\t\t\t\t\t\t<div class=\"desc\"><p>Le groupe CHILE VERDE vous propose un voyage haut en couleurs en Am\u00e9rique du Sud, de Cuba, au Br\u00e9sil, en passant par la Colombie, l'Argentine...\u00a0 Compos\u00e9 d'une chanteuse\/danseuse, d'un guitariste, d'un saxophoniste et d'un percussionniste, ce groupe vous fera danser et chanter plusieurs heures durant !<\/p><\/div><\/div>\r\n\t\t\t\t\t<\/div>\r\n\t\t\t\t<\/div><\/div><\/div>\t\t<\/div>\n\t\t\t\t<\/div>\n\t\t\t\t\t<\/div>\n\t\t<\/div>\n\t\t\t\t\t\t\t<\/div>\n\t\t<\/section>\n\t\t<div class=\"elementor-element elementor-element-053e56c e-flex e-con-boxed e-con\" data-id=\"053e56c\" data-element_type=\"container\" data-settings=\"{&quot;background_background&quot;:&quot;classic&quot;,&quot;content_width&quot;:&quot;boxed&quot;}\">\n\t\t\t\t\t<div class=\"e-con-inner\">\n\t\t\t\t<div class=\"elementor-element elementor-element-36af787 elementor-widget elementor-widget-spacer\" data-id=\"36af787\" data-element_type=\"widget\" data-widget_type=\"spacer.default\">\n\t\t\t\t<div class=\"elementor-widget-container\">\n\t\t\t<style>\/*! elementor - v3.14.0 - 26-06-2023 *\/\n.elementor-column .elementor-spacer-inner{height:var(--spacer-size)}.e-con{--container-widget-width:100%}.e-con-inner>.elementor-widget-spacer,.e-con>.elementor-widget-spacer{width:var(--container-widget-width,var(--spacer-size));--align-self:var(--container-widget-align-self,initial);--flex-shrink:0}.e-con-inner>.elementor-widget-spacer>.elementor-widget-container,.e-con-inner>.elementor-widget-spacer>.elementor-widget-container>.elementor-spacer,.e-con>.elementor-widget-spacer>.elementor-widget-container,.e-con>.elementor-widget-spacer>.elementor-widget-container>.elementor-spacer{height:100%}.e-con-inner>.elementor-widget-spacer>.elementor-widget-container>.elementor-spacer>.elementor-spacer-inner,.e-con>.elementor-widget-spacer>.elementor-widget-container>.elementor-spacer>.elementor-spacer-inner{height:var(--container-widget-height,var(--spacer-size))}<\/style>\t\t<div class=\"elementor-spacer\">\n\t\t\t<div class=\"elementor-spacer-inner\"><\/div>\n\t\t<\/div>\n\t\t\t\t<\/div>\n\t\t\t\t<\/div>\n\t\t\t\t<div class=\"elementor-element elementor-element-7e17f37 elementor-widget elementor-widget-frel-main-title\" data-id=\"7e17f37\" data-element_type=\"widget\" data-widget_type=\"frel-main-title.default\">\n\t\t\t\t<div class=\"elementor-widget-container\">\n\t\t\t<div class=\"cons_w_wrapper\"><div class=\"fn_cs_main_title\"><div class=\"fn-container\">\r\n\t\t\t\t\t<h3 class=\"fn__title\">QUELQUES  PHOTOS DE CONCERTS...<span class=\"bg_title\">GALERIE<\/span><\/h3>\r\n\t\t\t\t  <\/div><\/div><\/div>\t\t<\/div>\n\t\t\t\t<\/div>\n\t\t\t\t<div class=\"elementor-element elementor-element-951210f elementor-widget elementor-widget-spacer\" data-id=\"951210f\" data-element_type=\"widget\" data-widget_type=\"spacer.default\">\n\t\t\t\t<div class=\"elementor-widget-container\">\n\t\t\t\t\t<div class=\"elementor-spacer\">\n\t\t\t<div class=\"elementor-spacer-inner\"><\/div>\n\t\t<\/div>\n\t\t\t\t<\/div>\n\t\t\t\t<\/div>\n\t\t\t\t<div class=\"elementor-element elementor-element-c1e9d3e elementor-widget elementor-widget-frel-gallery\" data-id=\"c1e9d3e\" data-element_type=\"widget\" data-widget_type=\"frel-gallery.default\">\n\t\t\t\t<div class=\"elementor-widget-container\">\n\t\t\t<div class=\"cons_w_wrapper\"><div class=\"fn_cs_gallery_collage \"><div class=\"inner\"><ul><li><div class=\"item\"><img decoding=\"async\" src=\"https:\/\/bastienfortin.com\/wp-content\/plugins\/waxon-core\/shortcode\/assets\/img\/thumb-69-44.jpg\" alt=\"\" \/><div class=\"abs_img \" data-src=\"http:\/\/bastienfortin.com\/wp-content\/uploads\/2023\/07\/Capture-decran-2023-07-18-145830.png\" data-fn-bg-img=\"http:\/\/bastienfortin.com\/wp-content\/uploads\/2023\/07\/Capture-decran-2023-07-18-145830.png\"><\/div><\/div><\/li><li><div class=\"item\"><img decoding=\"async\" src=\"https:\/\/bastienfortin.com\/wp-content\/plugins\/waxon-core\/shortcode\/assets\/img\/thumb-69-44.jpg\" alt=\"\" \/><div class=\"abs_img \" data-src=\"http:\/\/bastienfortin.com\/wp-content\/uploads\/2023\/07\/275948454_294219622847207_2619027932459333197_n.jpg\" data-fn-bg-img=\"http:\/\/bastienfortin.com\/wp-content\/uploads\/2023\/07\/275948454_294219622847207_2619027932459333197_n.jpg\"><\/div><\/div><\/li><li><div class=\"item\"><img decoding=\"async\" src=\"https:\/\/bastienfortin.com\/wp-content\/plugins\/waxon-core\/shortcode\/assets\/img\/thumb-69-44.jpg\" alt=\"\" \/><div class=\"abs_img \" data-src=\"http:\/\/bastienfortin.com\/wp-content\/uploads\/2023\/07\/275913078_294216552847514_2082117391226646286_n.jpg\" data-fn-bg-img=\"http:\/\/bastienfortin.com\/wp-content\/uploads\/2023\/07\/275913078_294216552847514_2082117391226646286_n.jpg\"><\/div><\/div><\/li><li><div class=\"item\"><img decoding=\"async\" src=\"https:\/\/bastienfortin.com\/wp-content\/plugins\/waxon-core\/shortcode\/assets\/img\/thumb-69-44.jpg\" alt=\"\" \/><div class=\"abs_img \" data-src=\"http:\/\/bastienfortin.com\/wp-content\/uploads\/2023\/07\/274943929_294220952847074_4336870342641385958_n.jpg\" data-fn-bg-img=\"http:\/\/bastienfortin.com\/wp-content\/uploads\/2023\/07\/274943929_294220952847074_4336870342641385958_n.jpg\"><\/div><\/div><\/li><li><div class=\"item\"><img decoding=\"async\" src=\"https:\/\/bastienfortin.com\/wp-content\/plugins\/waxon-core\/shortcode\/assets\/img\/thumb-69-44.jpg\" alt=\"\" \/><div class=\"abs_img \" data-src=\"http:\/\/bastienfortin.com\/wp-content\/uploads\/2023\/07\/Capture-decran-2023-07-18-150256.png\" data-fn-bg-img=\"http:\/\/bastienfortin.com\/wp-content\/uploads\/2023\/07\/Capture-decran-2023-07-18-150256.png\"><\/div><\/div><\/li><li><div class=\"item\"><img decoding=\"async\" src=\"https:\/\/bastienfortin.com\/wp-content\/plugins\/waxon-core\/shortcode\/assets\/img\/thumb-69-44.jpg\" alt=\"\" \/><div class=\"abs_img \" data-src=\"http:\/\/bastienfortin.com\/wp-content\/uploads\/2023\/07\/title-1657126360.jpg\" data-fn-bg-img=\"http:\/\/bastienfortin.com\/wp-content\/uploads\/2023\/07\/title-1657126360.jpg\"><\/div><\/div><\/li><li><div class=\"item\"><img decoding=\"async\" src=\"https:\/\/bastienfortin.com\/wp-content\/plugins\/waxon-core\/shortcode\/assets\/img\/thumb-69-44.jpg\" alt=\"\" \/><div class=\"abs_img \" data-src=\"http:\/\/bastienfortin.com\/wp-content\/uploads\/2023\/07\/c67688abaa6b3983bcb75ca4d5dc87a6.jpeg\" data-fn-bg-img=\"http:\/\/bastienfortin.com\/wp-content\/uploads\/2023\/07\/c67688abaa6b3983bcb75ca4d5dc87a6.jpeg\"><\/div><\/div><\/li><li><div class=\"item\"><img decoding=\"async\" src=\"https:\/\/bastienfortin.com\/wp-content\/plugins\/waxon-core\/shortcode\/assets\/img\/thumb-69-44.jpg\" alt=\"\" \/><div class=\"abs_img \" data-src=\"http:\/\/bastienfortin.com\/wp-content\/uploads\/2023\/07\/Capture-decran-2023-07-18-145432.png\" data-fn-bg-img=\"http:\/\/bastienfortin.com\/wp-content\/uploads\/2023\/07\/Capture-decran-2023-07-18-145432.png\"><\/div><\/div><\/li><li><div class=\"item\"><img decoding=\"async\" src=\"https:\/\/bastienfortin.com\/wp-content\/plugins\/waxon-core\/shortcode\/assets\/img\/thumb-69-44.jpg\" alt=\"\" \/><div class=\"abs_img \" data-src=\"http:\/\/bastienfortin.com\/wp-content\/uploads\/2023\/07\/Capture-decran-2023-07-18-150133.png\" data-fn-bg-img=\"http:\/\/bastienfortin.com\/wp-content\/uploads\/2023\/07\/Capture-decran-2023-07-18-150133.png\"><\/div><\/div><\/li><\/ul><\/div><\/div><\/div>\t\t<\/div>\n\t\t\t\t<\/div>\n\t\t\t\t\t<\/div>\n\t\t\t\t<\/div>\n\t\t<div class=\"elementor-element elementor-element-b03f2f2 e-flex e-con-boxed e-con\" data-id=\"b03f2f2\" data-element_type=\"container\" data-settings=\"{&quot;background_background&quot;:&quot;classic&quot;,&quot;content_width&quot;:&quot;boxed&quot;}\">\n\t\t\t\t\t<div class=\"e-con-inner\">\n\t\t\t\t\t<\/div>\n\t\t\t\t<\/div>\n\t\t\t\t\t\t\t<\/div>\n\t\t","protected":false},"excerpt":{"rendered":"<p>FLAMENCO TRADITIONNEL guitare soliste ou accompagnement de danseurs Le flamenco est un genre musical et une danse datant du XVIIIe si\u00e8cle, cr\u00e9\u00e9 par le peuple andalou sur la base d&#8217;un folklore populaire issu de diverses cultures: gitane principalement mais aussi s\u00e9pharade ou arabe. Ce genre regroupe plusieurs styles, les &#8220;palos&#8221;, ayant des structures rythmiques et [&hellip;]<\/p>\n","protected":false},"author":1,"featured_media":0,"parent":0,"menu_order":0,"comment_status":"closed","ping_status":"closed","template":"","meta":{"footnotes":""},"class_list":["post-637","page","type-page","status-publish","hentry"],"_links":{"self":[{"href":"https:\/\/bastienfortin.com\/index.php?rest_route=\/wp\/v2\/pages\/637","targetHints":{"allow":["GET"]}}],"collection":[{"href":"https:\/\/bastienfortin.com\/index.php?rest_route=\/wp\/v2\/pages"}],"about":[{"href":"https:\/\/bastienfortin.com\/index.php?rest_route=\/wp\/v2\/types\/page"}],"author":[{"embeddable":true,"href":"https:\/\/bastienfortin.com\/index.php?rest_route=\/wp\/v2\/users\/1"}],"replies":[{"embeddable":true,"href":"https:\/\/bastienfortin.com\/index.php?rest_route=%2Fwp%2Fv2%2Fcomments&post=637"}],"version-history":[{"count":53,"href":"https:\/\/bastienfortin.com\/index.php?rest_route=\/wp\/v2\/pages\/637\/revisions"}],"predecessor-version":[{"id":718,"href":"https:\/\/bastienfortin.com\/index.php?rest_route=\/wp\/v2\/pages\/637\/revisions\/718"}],"wp:attachment":[{"href":"https:\/\/bastienfortin.com\/index.php?rest_route=%2Fwp%2Fv2%2Fmedia&parent=637"}],"curies":[{"name":"wp","href":"https:\/\/api.w.org\/{rel}","templated":true}]}}